{"id":1478,"date":"2020-10-06T18:07:57","date_gmt":"2020-10-06T21:07:57","guid":{"rendered":"http:\/\/lavanderiafastclean.cl\/?page_id=1478"},"modified":"2020-10-06T18:07:57","modified_gmt":"2020-10-06T21:07:57","slug":"reparacion","status":"publish","type":"page","link":"http:\/\/lavanderiafastclean.cl\/index.php\/reparacion\/","title":{"rendered":"Reparaci\u00f3n"},"content":{"rendered":"<p>Reparamos tus prendas ya sea a trav\u00e9s del te\u00f1ido o costura.<\/p>\n","protected":false},"excerpt":{"rendered":"<p>Reparamos tus prendas ya sea a trav\u00e9s del te\u00f1ido o costura.<\/p>\n","protected":false},"author":1,"featured_media":0,"parent":0,"menu_order":0,"comment_status":"closed","ping_status":"closed","template":"","meta":[],"_links":{"self":[{"href":"http:\/\/lavanderiafastclean.cl\/index.php\/wp-json\/wp\/v2\/pages\/1478"}],"collection":[{"href":"http:\/\/lavanderiafastclean.cl\/index.php\/wp-json\/wp\/v2\/pages"}],"about":[{"href":"http:\/\/lavanderiafastclean.cl\/index.php\/wp-json\/wp\/v2\/types\/page"}],"author":[{"embeddable":true,"href":"http:\/\/lavanderiafastclean.cl\/index.php\/wp-json\/wp\/v2\/users\/1"}],"replies":[{"embeddable":true,"href":"http:\/\/lavanderiafastclean.cl\/index.php\/wp-json\/wp\/v2\/comments?post=1478"}],"version-history":[{"count":1,"href":"http:\/\/lavanderiafastclean.cl\/index.php\/wp-json\/wp\/v2\/pages\/1478\/revisions"}],"predecessor-version":[{"id":1479,"href":"http:\/\/lavanderiafastclean.cl\/index.php\/wp-json\/wp\/v2\/pages\/1478\/revisions\/1479"}],"wp:attachment":[{"href":"http:\/\/lavanderiafastclean.cl\/index.php\/wp-json\/wp\/v2\/media?parent=1478"}],"curies":[{"name":"wp","href":"https:\/\/api.w.org\/{rel}","templated":true}]}}